{"id":44,"date":"2022-07-13T18:21:43","date_gmt":"2022-07-13T18:21:43","guid":{"rendered":"http:\/\/some-fot.hu\/?page_id=44"},"modified":"2025-07-31T09:01:40","modified_gmt":"2025-07-31T09:01:40","slug":"bemutatkozas","status":"publish","type":"page","link":"http:\/\/some-fot.hu\/?page_id=44","title":{"rendered":"Bemutatkoz\u00e1s"},"content":{"rendered":"<p style=\"text-align: center;\"><strong>Az egyes\u00fcletet zeneiskol\u00e1s gyermekek sz\u00fclei, zenetan\u00e1rok, zenekedvel\u0151 emberek h\u00edvt\u00e1k \u00e9letre.<\/strong><\/p>\n<p style=\"text-align: center;\"><strong>Az egyes\u00fclet c\u00e9lja:<\/strong><br \/>\nF\u00f3t V\u00e1ros \u00e9s k\u00f6rny\u00e9ke m\u0171v\u00e9szet\u00e9nek k\u00f6zhaszn\u00fa el\u0151seg\u00edt\u00e9se<\/p>\n<p style=\"text-align: center;\"><strong>Az egyes\u00fclet tev\u00e9kenys\u00e9ge:<\/strong><br \/>\n&#8211; Lakoss\u00e1gi m\u0171v\u00e9szeti kezdem\u00e9nyez\u00e9sek, \u00f6nszervez\u0151d\u00e9sek t\u00e1mogat\u00e1sa; m\u0171v\u00e9szeti alkot\u00f3 munka felt\u00e9teleinek jav\u00edt\u00e1sa; m\u0171v\u00e9szeti \u00e9rt\u00e9kek l\u00e9trehoz\u00e1s\u00e1nak, meg\u0151rz\u00e9s\u00e9nek seg\u00edt\u00e9se<br \/>\n&#8211; Kultur\u00e1lis szolg\u00e1ltat\u00e1s, elad\u00f3-m\u0171v\u00e9szeti szervezet t\u00e1mogat\u00e1sa; a kultur\u00e1lis \u00f6r\u00f6ks\u00e9g helyi v\u00e9delme; a helyi k\u00f6zm\u0171vel\u0151d\u00e9si tev\u00e9kenys\u00e9g t\u00e1mogat\u00e1sa<br \/>\n&#8211; Az el\u0151ad\u00f3-m\u0171v\u00e9szeti tev\u00e9kenys\u00e9g felt\u00e9teleinek megteremt\u00e9se<br \/>\n&#8211; Alapfok\u00fa m\u0171v\u00e9szetoktat\u00e1s; fejleszt\u0151 nevel\u00e9s; fejleszt\u0151 nevel\u00e9s-oktat\u00e1s<br \/>\n&#8211; Nevel\u00e9s \u00e9s oktat\u00e1s, k\u00e9pess\u00e9gfejleszt\u00e9s, ismeretterjeszt\u00e9s<br \/>\n&#8211; A helyi k\u00f6zm\u0171vel\u0151d\u00e9si tev\u00e9kenys\u00e9g t\u00e1mogat\u00e1sa<br \/>\n&#8211; Kultur\u00e1lis \u00f6r\u00f6ks\u00e9g meg\u00f3v\u00e1sa<br \/>\n&#8211; H\u00e1tr\u00e1nyos helyzet\u0171 csoportok es\u00e9lyegyenl\u0151s\u00e9g\u00e9nek el\u0151seg\u00edt\u00e9se<\/p>\n","protected":false},"excerpt":{"rendered":"<p>Az egyes\u00fcletet zeneiskol\u00e1s gyermekek sz\u00fclei, zenetan\u00e1rok, zenekedvel\u0151 emberek h\u00edvt\u00e1k \u00e9letre. Az egyes\u00fclet c\u00e9lja: F\u00f3t V\u00e1ros \u00e9s k\u00f6rny\u00e9ke m\u0171v\u00e9szet\u00e9nek k\u00f6zhaszn\u00fa el\u0151seg\u00edt\u00e9se Az egyes\u00fclet tev\u00e9kenys\u00e9ge: &#8211; Lakoss\u00e1gi m\u0171v\u00e9szeti kezdem\u00e9nyez\u00e9sek, \u00f6nszervez\u0151d\u00e9sek t\u00e1mogat\u00e1sa; m\u0171v\u00e9szeti alkot\u00f3 munka felt\u00e9teleinek jav\u00edt\u00e1sa; m\u0171v\u00e9szeti \u00e9rt\u00e9kek l\u00e9trehoz\u00e1s\u00e1nak, meg\u0151rz\u00e9s\u00e9nek seg\u00edt\u00e9se &#8211; Kultur\u00e1lis szolg\u00e1ltat\u00e1s, elad\u00f3-m\u0171v\u00e9szeti szervezet t\u00e1mogat\u00e1sa; a kultur\u00e1lis \u00f6r\u00f6ks\u00e9g helyi v\u00e9delme; a helyi k\u00f6zm\u0171vel\u0151d\u00e9si tev\u00e9kenys\u00e9g t\u00e1mogat\u00e1sa [&hellip;]<\/p>\n","protected":false},"author":1,"featured_media":0,"parent":0,"menu_order":0,"comment_status":"closed","ping_status":"closed","template":"","meta":{"footnotes":""},"class_list":["post-44","page","type-page","status-publish","hentry"],"_links":{"self":[{"href":"http:\/\/some-fot.hu\/index.php?rest_route=\/wp\/v2\/pages\/44","targetHints":{"allow":["GET"]}}],"collection":[{"href":"http:\/\/some-fot.hu\/index.php?rest_route=\/wp\/v2\/pages"}],"about":[{"href":"http:\/\/some-fot.hu\/index.php?rest_route=\/wp\/v2\/types\/page"}],"author":[{"embeddable":true,"href":"http:\/\/some-fot.hu\/index.php?rest_route=\/wp\/v2\/users\/1"}],"replies":[{"embeddable":true,"href":"http:\/\/some-fot.hu\/index.php?rest_route=%2Fwp%2Fv2%2Fcomments&post=44"}],"version-history":[{"count":9,"href":"http:\/\/some-fot.hu\/index.php?rest_route=\/wp\/v2\/pages\/44\/revisions"}],"predecessor-version":[{"id":225,"href":"http:\/\/some-fot.hu\/index.php?rest_route=\/wp\/v2\/pages\/44\/revisions\/225"}],"wp:attachment":[{"href":"http:\/\/some-fot.hu\/index.php?rest_route=%2Fwp%2Fv2%2Fmedia&parent=44"}],"curies":[{"name":"wp","href":"https:\/\/api.w.org\/{rel}","templated":true}]}}